{"id":56,"date":"2021-04-14T14:43:35","date_gmt":"2021-04-14T12:43:35","guid":{"rendered":"http:\/\/pustelnia.org.pl\/?page_id=56"},"modified":"2023-05-07T13:24:26","modified_gmt":"2023-05-07T11:24:26","slug":"wsparcie-finansowe","status":"publish","type":"page","link":"https:\/\/pustelnia.org.pl\/index.php\/wsparcie-finansowe\/","title":{"rendered":"Wsparcie finansowe"},"content":{"rendered":"\t\t<div data-elementor-type=\"wp-page\" data-elementor-id=\"56\" class=\"elementor elementor-56\" data-elementor-post-type=\"page\">\n\t\t\t\t\t\t<section class=\"elementor-section elementor-top-section elementor-element elementor-element-6b8ac7d elementor-section-height-min-height elementor-section-boxed elementor-section-height-default elementor-section-items-middle\" data-id=\"6b8ac7d\" data-element_type=\"section\" data-e-type=\"section\" data-settings=\"{&quot;background_background&quot;:&quot;slideshow&quot;,&quot;background_slideshow_gallery&quot;:[{&quot;id&quot;:302,&quot;url&quot;:&quot;http:\\\/\\\/pustelnia.org.pl\\\/wp-content\\\/uploads\\\/2023\\\/04\\\/tlo_www-scaled.jpg&quot;}],&quot;background_slideshow_loop&quot;:&quot;yes&quot;,&quot;background_slideshow_slide_duration&quot;:5000,&quot;background_slideshow_slide_transition&quot;:&quot;fade&quot;,&quot;background_slideshow_transition_duration&quot;:500}\">\n\t\t\t\t\t\t\t<div class=\"elementor-background-overlay\"><\/div>\n\t\t\t\t\t\t\t<div class=\"elementor-container elementor-column-gap-default\">\n\t\t\t\t\t<div class=\"elementor-column elementor-col-100 elementor-top-column elementor-element elementor-element-6a30597\" data-id=\"6a30597\" data-element_type=\"column\" data-e-type=\"column\">\n\t\t\t<div class=\"elementor-widget-wrap elementor-element-populated\">\n\t\t\t\t\t\t<div class=\"elementor-element elementor-element-b79b156 elementor-widget elementor-widget-heading\" data-id=\"b79b156\" data-element_type=\"widget\" data-e-type=\"widget\" data-widget_type=\"heading.default\">\n\t\t\t\t<div class=\"elementor-widget-container\">\n\t\t\t\t\t<h1 class=\"elementor-heading-title elementor-size-default\">WSPARCIE FINANSOWE<\/h1>\t\t\t\t<\/div>\n\t\t\t\t<\/div>\n\t\t\t\t\t<\/div>\n\t\t<\/div>\n\t\t\t\t\t<\/div>\n\t\t<\/section>\n\t\t\t\t<section class=\"elementor-section elementor-top-section elementor-element elementor-element-4ce1008 elementor-section-content-middle elementor-section-boxed elementor-section-height-default elementor-section-height-default\" data-id=\"4ce1008\" data-element_type=\"section\" data-e-type=\"section\" data-settings=\"{&quot;background_background&quot;:&quot;classic&quot;}\">\n\t\t\t\t\t\t\t<div class=\"elementor-background-overlay\"><\/div>\n\t\t\t\t\t\t\t<div class=\"elementor-container elementor-column-gap-default\">\n\t\t\t\t\t<div class=\"elementor-column elementor-col-50 elementor-top-column elementor-element elementor-element-54c5777\" data-id=\"54c5777\" data-element_type=\"column\" data-e-type=\"column\">\n\t\t\t<div class=\"elementor-widget-wrap elementor-element-populated\">\n\t\t\t\t\t\t<div class=\"elementor-element elementor-element-af17236 elementor-widget elementor-widget-heading\" data-id=\"af17236\" data-element_type=\"widget\" data-e-type=\"widget\" data-widget_type=\"heading.default\">\n\t\t\t\t<div class=\"elementor-widget-container\">\n\t\t\t\t\t<h2 class=\"elementor-heading-title elementor-size-default\">Wsparcie<\/h2>\t\t\t\t<\/div>\n\t\t\t\t<\/div>\n\t\t\t\t<div class=\"elementor-element elementor-element-5d533b4 elementor-widget-divider--view-line elementor-widget elementor-widget-divider\" data-id=\"5d533b4\" data-element_type=\"widget\" data-e-type=\"widget\" data-widget_type=\"divider.default\">\n\t\t\t\t<div class=\"elementor-widget-container\">\n\t\t\t\t\t\t\t<div class=\"elementor-divider\">\n\t\t\t<span class=\"elementor-divider-separator\">\n\t\t\t\t\t\t<\/span>\n\t\t<\/div>\n\t\t\t\t\t\t<\/div>\n\t\t\t\t<\/div>\n\t\t\t\t<div class=\"elementor-element elementor-element-0c4049f elementor-widget elementor-widget-text-editor\" data-id=\"0c4049f\" data-element_type=\"widget\" data-e-type=\"widget\" data-widget_type=\"text-editor.default\">\n\t\t\t\t<div class=\"elementor-widget-container\">\n\t\t\t\t\t\t\t\t\t<p class=\"contentgroup__body \"><span class=\"wysiwyg-font-size-18\">Prosimy o pomoc finansow\u0105 dla Pustelni.<\/span><\/p><p>Na nasze konto mo\u017cna wp\u0142aca\u0107 darowizny:<br \/><strong style=\"font-size: 16px; color: var( --e-global-color-4d13c604 );\">34 1240 6670 1111 0011 2241 3215 <br \/><\/strong><span style=\"font-size: 16px; color: var( --e-global-color-4d13c604 );\">(<\/span><span class=\"wysiwyg-font-size-18\" style=\"font-size: 16px; color: var( --e-global-color-4d13c604 );\">Pekao S.A. oddzia\u0142 we Wroc\u0142awiu)<br \/><\/span><b><span class=\"wysiwyg-font-size-18\">Instytut Niepokalanej Matki Ko\u015bcio\u0142a<\/span><\/b><br \/>ul. Blachnickiego 25<br \/>34-450 Kro\u015bcienko nad Dunajcem<\/p><p><span class=\"wysiwyg-font-size-18\">Z tytu\u0142em wp\u0142aty &#8222;<b>Darowizna na cele kultu religijnego&#8221; <\/b>mo\u017cna\u00a0 odliczy\u0107 t\u0119 kwot\u0119 od podatku.<\/span><\/p><p>Dzi\u0119kujemy!<\/p>\t\t\t\t\t\t\t\t<\/div>\n\t\t\t\t<\/div>\n\t\t\t\t\t<\/div>\n\t\t<\/div>\n\t\t\t\t<div class=\"elementor-column elementor-col-50 elementor-top-column elementor-element elementor-element-6cd5368\" data-id=\"6cd5368\" data-element_type=\"column\" data-e-type=\"column\" data-settings=\"{&quot;background_background&quot;:&quot;classic&quot;}\">\n\t\t\t<div class=\"elementor-widget-wrap\">\n\t\t\t\t\t\t\t<\/div>\n\t\t<\/div>\n\t\t\t\t\t<\/div>\n\t\t<\/section>\n\t\t\t\t<section class=\"elementor-section elementor-top-section elementor-element elementor-element-abacb57 elementor-section-boxed elementor-section-height-default elementor-section-height-default\" data-id=\"abacb57\" data-element_type=\"section\" data-e-type=\"section\">\n\t\t\t\t\t\t<div class=\"elementor-container elementor-column-gap-default\">\n\t\t\t\t\t<div class=\"elementor-column elementor-col-100 elementor-top-column elementor-element elementor-element-d500cca\" data-id=\"d500cca\" data-element_type=\"column\" data-e-type=\"column\" data-settings=\"{&quot;background_background&quot;:&quot;classic&quot;}\">\n\t\t\t<div class=\"elementor-widget-wrap elementor-element-populated\">\n\t\t\t\t\t\t<div class=\"elementor-element elementor-element-a55e24a elementor-widget elementor-widget-heading\" data-id=\"a55e24a\" data-element_type=\"widget\" data-e-type=\"widget\" data-widget_type=\"heading.default\">\n\t\t\t\t<div class=\"elementor-widget-container\">\n\t\t\t\t\t<h2 class=\"elementor-heading-title elementor-size-small\">Mo\u017cna przekaza\u0107 1,5% podatku na rzecz pustelni, szczeg\u00f3\u0142y poni\u017cej:<\/h2>\t\t\t\t<\/div>\n\t\t\t\t<\/div>\n\t\t\t\t<div class=\"elementor-element elementor-element-ae1e064 elementor-widget elementor-widget-image\" data-id=\"ae1e064\" data-element_type=\"widget\" data-e-type=\"widget\" data-widget_type=\"image.default\">\n\t\t\t\t<div class=\"elementor-widget-container\">\n\t\t\t\t\t\t\t\t\t\t\t\t\t\t\t<img fetchpriority=\"high\" decoding=\"async\" width=\"924\" height=\"274\" src=\"https:\/\/pustelnia.org.pl\/wp-content\/uploads\/2023\/04\/KRS.jpg\" class=\"attachment-large size-large wp-image-343\" alt=\"\" srcset=\"https:\/\/pustelnia.org.pl\/wp-content\/uploads\/2023\/04\/KRS.jpg 924w, https:\/\/pustelnia.org.pl\/wp-content\/uploads\/2023\/04\/KRS-300x89.jpg 300w, https:\/\/pustelnia.org.pl\/wp-content\/uploads\/2023\/04\/KRS-768x228.jpg 768w\" sizes=\"(max-width: 924px) 100vw, 924px\" \/>\t\t\t\t\t\t\t\t\t\t\t\t\t\t\t<\/div>\n\t\t\t\t<\/div>\n\t\t\t\t\t<\/div>\n\t\t<\/div>\n\t\t\t\t\t<\/div>\n\t\t<\/section>\n\t\t\t\t<\/div>\n\t\t","protected":false},"excerpt":{"rendered":"<p>WSPARCIE FINANSOWE Wsparcie Prosimy o pomoc finansow\u0105 dla Pustelni. Na nasze konto mo\u017cna wp\u0142aca\u0107 darowizny:34 1240 6670 1111 0011 2241 3215 (Pekao S.A. oddzia\u0142 we Wroc\u0142awiu)Instytut Niepokalanej Matki Ko\u015bcio\u0142aul. Blachnickiego 2534-450 Kro\u015bcienko nad Dunajcem Z tytu\u0142em wp\u0142aty &#8222;Darowizna na cele kultu religijnego&#8221; mo\u017cna\u00a0 odliczy\u0107 t\u0119 kwot\u0119 od podatku. Dzi\u0119kujemy! Mo\u017cna przekaza\u0107 1,5% podatku na rzecz [&hellip;]<\/p>\n","protected":false},"author":1,"featured_media":0,"parent":0,"menu_order":0,"comment_status":"closed","ping_status":"closed","template":"elementor_header_footer","meta":{"footnotes":""},"class_list":["post-56","page","type-page","status-publish","hentry","entry"],"_links":{"self":[{"href":"https:\/\/pustelnia.org.pl\/index.php\/wp-json\/wp\/v2\/pages\/56"}],"collection":[{"href":"https:\/\/pustelnia.org.pl\/index.php\/wp-json\/wp\/v2\/pages"}],"about":[{"href":"https:\/\/pustelnia.org.pl\/index.php\/wp-json\/wp\/v2\/types\/page"}],"author":[{"embeddable":true,"href":"https:\/\/pustelnia.org.pl\/index.php\/wp-json\/wp\/v2\/users\/1"}],"replies":[{"embeddable":true,"href":"https:\/\/pustelnia.org.pl\/index.php\/wp-json\/wp\/v2\/comments?post=56"}],"version-history":[{"count":5,"href":"https:\/\/pustelnia.org.pl\/index.php\/wp-json\/wp\/v2\/pages\/56\/revisions"}],"predecessor-version":[{"id":401,"href":"https:\/\/pustelnia.org.pl\/index.php\/wp-json\/wp\/v2\/pages\/56\/revisions\/401"}],"wp:attachment":[{"href":"https:\/\/pustelnia.org.pl\/index.php\/wp-json\/wp\/v2\/media?parent=56"}],"curies":[{"name":"wp","href":"https:\/\/api.w.org\/{rel}","templated":true}]}}